{"id":1963,"date":"2020-04-21T13:54:06","date_gmt":"2020-04-21T11:54:06","guid":{"rendered":"https:\/\/www.propertycare-costablanca.com\/?page_id=1963"},"modified":"2021-09-07T09:38:52","modified_gmt":"2021-09-07T07:38:52","slug":"property-care-y-precios","status":"publish","type":"page","link":"https:\/\/www.propertycare-costablanca.com\/es\/property-care-y-precios\/","title":{"rendered":"Property Care y precios"},"content":{"rendered":"<div class=\"wpb-content-wrapper\"><p>[vc_row][vc_column][vc_column_text]Nuestro servicio de <strong>Property Care<\/strong> consiste en un servicio administrativo (Property Management) y operacional (Mantenimiento de la Propiedad) para propietarios con una casa o apartamento en la Costa Blanca.<\/p>\n<p>El objetivo de <strong>Property Care<\/strong> es ofrecer un servicio completo a aquellos que no permanecen en la casa durante todo el a\u00f1o y, por lo tanto, con este servicio pueden mantener el control remoto.<\/p>\n<p>El nombre lo dice todo, Property Management es la \u00abgesti\u00f3n\u00bb de las acciones administrativas, que realizamos para y en nombre de los propietarios de una casa o apartamento en la Costa Blanca.<\/p>\n<p>El mantenimiento de la propiedad se refiere a las actividades que llevamos a cabo en la ubicaci\u00f3n de la casa o apartamento. Tales como controles f\u00edsicos, reparaci\u00f3n, limpieza y monitoreo de, por ejemplo, control de plagas.<\/p>\n<p>Adem\u00e1s de nuestro servicio de Property Care, tambi\u00e9n actuamos (si el cliente lo desea) como Representante Fiscal, donde somos el punto de contacto para las autoridades fiscales y para las declaraciones de impuestos obligatorias anuales.<\/p>\n<p><strong>Nuestros paquetes de servicios son los siguientes:<\/strong><\/p>\n<h4><strong><a href=\"https:\/\/www.propertycare-costablanca.com\/servicios-y-precios\/\">Simply<\/a> Property Care = 0,50 euros\/d\u00eda<\/strong> (+IVA) <a href=\"https:\/\/www.propertycare-costablanca.com\/servicios-y-precios\/\">Haga clic aqu\u00ed para obtener m\u00e1s informaci\u00f3n<\/a><\/h4>\n<h4><strong><a href=\"https:\/\/www.propertycare-costablanca.com\/servicios-y-precios\/\">Premium<\/a> Property Care = 1,00 euros\/d\u00eda<\/strong> (+IVA) <a href=\"https:\/\/www.propertycare-costablanca.com\/servicios-y-precios\/\">Haga clic aqu\u00ed para obtener m\u00e1s informaci\u00f3n<\/a><\/h4>\n<h4><strong><a href=\"https:\/\/www.propertycare-costablanca.com\/impuestos-y-seguros\/\">Representaci\u00f3n fiscal<\/a> = 195 euros\/a\u00f1o<\/strong> (+IVA) <a href=\"https:\/\/www.propertycare-costablanca.com\/impuestos-y-seguros\/\">Haga clic aqu\u00ed para obtener m\u00e1s informaci\u00f3n<\/a><\/h4>\n<p>[\/vc_column_text][\/vc_column][\/vc_row]<\/p>\n<\/div>","protected":false},"excerpt":{"rendered":"<p>[vc_row][vc_column][vc_column_text]Nuestro servicio de Property Care consiste en un servicio administrativo (Property Management) y operacional (Mantenimiento de la Propiedad) para propietarios con una casa o apartamento en la Costa Blanca. El objetivo de Property Care es ofrecer un servicio completo a aquellos que no permanecen en la casa durante todo el a\u00f1o y, por lo tanto,&#8230;<\/p>\n","protected":false},"author":1,"featured_media":2121,"parent":0,"menu_order":0,"comment_status":"closed","ping_status":"closed","template":"","meta":{"footnotes":""},"class_list":["post-1963","page","type-page","status-publish","has-post-thumbnail","hentry"],"aioseo_notices":[],"_links":{"self":[{"href":"https:\/\/www.propertycare-costablanca.com\/es\/wp-json\/wp\/v2\/pages\/1963","targetHints":{"allow":["GET"]}}],"collection":[{"href":"https:\/\/www.propertycare-costablanca.com\/es\/wp-json\/wp\/v2\/pages"}],"about":[{"href":"https:\/\/www.propertycare-costablanca.com\/es\/wp-json\/wp\/v2\/types\/page"}],"author":[{"embeddable":true,"href":"https:\/\/www.propertycare-costablanca.com\/es\/wp-json\/wp\/v2\/users\/1"}],"replies":[{"embeddable":true,"href":"https:\/\/www.propertycare-costablanca.com\/es\/wp-json\/wp\/v2\/comments?post=1963"}],"version-history":[{"count":7,"href":"https:\/\/www.propertycare-costablanca.com\/es\/wp-json\/wp\/v2\/pages\/1963\/revisions"}],"predecessor-version":[{"id":2140,"href":"https:\/\/www.propertycare-costablanca.com\/es\/wp-json\/wp\/v2\/pages\/1963\/revisions\/2140"}],"wp:featuredmedia":[{"embeddable":true,"href":"https:\/\/www.propertycare-costablanca.com\/es\/wp-json\/wp\/v2\/media\/2121"}],"wp:attachment":[{"href":"https:\/\/www.propertycare-costablanca.com\/es\/wp-json\/wp\/v2\/media?parent=1963"}],"curies":[{"name":"wp","href":"https:\/\/api.w.org\/{rel}","templated":true}]}}