{"id":1546,"date":"2018-06-16T09:18:46","date_gmt":"2018-06-16T07:18:46","guid":{"rendered":"https:\/\/www.propertycare-costablanca.com\/?page_id=1546"},"modified":"2020-04-24T14:32:05","modified_gmt":"2020-04-24T12:32:05","slug":"lopd","status":"publish","type":"page","link":"https:\/\/www.propertycare-costablanca.com\/es\/lopd\/","title":{"rendered":"LOPD"},"content":{"rendered":"<h1>Consentimiento cliente<\/h1>\n<p><strong>Responsable:<br \/>\n<\/strong><strong>Titular:<\/strong>\u00a0DYROMO TRADE S.L<br \/>\n<strong>Nombre comercial:<\/strong> Property Care Costa Blanca<br \/>\n<strong>C.I.F.:<\/strong>\u00a0B-54875042<br \/>\n<strong>Direcci\u00f3n:<\/strong>\u00a0C\/ Reyes Cat\u00f3licos 29, 4\u00ba A 03003 (Alicante)<br \/>\n<strong>Tel\u00e9fono:<\/strong>\u00a0966 276 923<br \/>\n<strong>E-Mail:<\/strong>\u00a0 info@propertycare-costablanca.com<br \/>\n<strong>E-mail contacto LOPD:<\/strong> info@propertycare-costablanca.com<\/p>\n<p><strong>Finalidad:<\/strong><\/p>\n<p>La finalidad de la recogida y tratamiento de los datos personales que te solicitamos es para enviarte nuestras publicaciones, promociones y\/o servicios de su inter\u00e9s.<\/p>\n<p>Los datos personales proporcionados se conservar\u00e1n, mientras se mantenga la relaci\u00f3n mercantil y no comunique la solicitud de baja.<\/p>\n<p><strong>Legitimaci\u00f3n: <\/strong><\/p>\n<ul>\n<li>Su consentimiento (para el env\u00edo de comunicaciones comerciales).<\/li>\n<li>Consentimiento para que tus datos sean tratados conforme a las finalidades de este formulario descritas en la pol\u00edtica de privacidad.<\/li>\n<\/ul>\n<p>Como usuario e interesado te informamos que los datos que nos facilitas estar\u00e1n ubicados en los servidores de Property Care Costa Blanca (<a href=\"http:\/\/www.propertycare-costablanca.com\">www.propertycare-costablanca.com<\/a>), ubicada dentro de la UE, garantizando unos niveles de seguridad adecuados. Ver nuestra Pol\u00edtica de privacidad.<\/p>\n<p>El hecho de que no introduzca los datos de car\u00e1cter personal que aparecen en el formulario como obligatorios podr\u00e1 tener como consecuencia que no pueda atender tu solicitud.<\/p>\n<p><strong>Destinatarios:<\/strong><\/p>\n<p>Tus datos personales podr\u00e1n ser cedidos a las autoridades competentes en los casos que exista una obligaci\u00f3n legal.<\/p>\n<p><strong>Derechos: <\/strong><\/p>\n<p>Podr\u00e1s ejercer tus derechos de acceso, rectificaci\u00f3n, limitaci\u00f3n y suprimir los datos en \u00a0<a href=\"mailto:info@propertycare-costablanca.com\">info@propertycare-costablanca.com<\/a> as\u00ed como el derecho a presentar una reclamaci\u00f3n ante una autoridad de control. Puedes consultar la informaci\u00f3n adicional y detallada sobre Protecci\u00f3n de Datos en \u00a0nuestra\u00a0<a href=\"https:\/\/www.propertycare-costablanca.com\/politica-de-privacidad-y-politica-de-cookies\/\">pol\u00edtica de privacidad<\/a>.<\/p>\n<p><strong>Informaci\u00f3n adicional:<\/strong><\/p>\n<p>Puedes consultar la informaci\u00f3n adicional y detallada sobre protecci\u00f3n de datos en nuestra Pol\u00edtica de privacidad.<\/p>\n","protected":false},"excerpt":{"rendered":"<p>Consentimiento cliente Responsable: Titular:\u00a0DYROMO TRADE S.L Nombre comercial: Property Care Costa Blanca C.I.F.:\u00a0B-54875042 Direcci\u00f3n:\u00a0C\/ Reyes Cat\u00f3licos 29, 4\u00ba A 03003 (Alicante) Tel\u00e9fono:\u00a0966 276 923 E-Mail:\u00a0 info@propertycare-costablanca.com E-mail contacto LOPD: info@propertycare-costablanca.com Finalidad: La finalidad de la recogida y tratamiento de los datos personales que te solicitamos es para enviarte nuestras publicaciones, promociones y\/o servicios de su&#8230;<\/p>\n","protected":false},"author":1,"featured_media":0,"parent":0,"menu_order":0,"comment_status":"closed","ping_status":"closed","template":"","meta":{"footnotes":""},"class_list":["post-1546","page","type-page","status-publish","hentry"],"aioseo_notices":[],"_links":{"self":[{"href":"https:\/\/www.propertycare-costablanca.com\/es\/wp-json\/wp\/v2\/pages\/1546","targetHints":{"allow":["GET"]}}],"collection":[{"href":"https:\/\/www.propertycare-costablanca.com\/es\/wp-json\/wp\/v2\/pages"}],"about":[{"href":"https:\/\/www.propertycare-costablanca.com\/es\/wp-json\/wp\/v2\/types\/page"}],"author":[{"embeddable":true,"href":"https:\/\/www.propertycare-costablanca.com\/es\/wp-json\/wp\/v2\/users\/1"}],"replies":[{"embeddable":true,"href":"https:\/\/www.propertycare-costablanca.com\/es\/wp-json\/wp\/v2\/comments?post=1546"}],"version-history":[{"count":5,"href":"https:\/\/www.propertycare-costablanca.com\/es\/wp-json\/wp\/v2\/pages\/1546\/revisions"}],"predecessor-version":[{"id":2116,"href":"https:\/\/www.propertycare-costablanca.com\/es\/wp-json\/wp\/v2\/pages\/1546\/revisions\/2116"}],"wp:attachment":[{"href":"https:\/\/www.propertycare-costablanca.com\/es\/wp-json\/wp\/v2\/media?parent=1546"}],"curies":[{"name":"wp","href":"https:\/\/api.w.org\/{rel}","templated":true}]}}