{"id":1471,"date":"2018-05-30T09:58:11","date_gmt":"2018-05-30T07:58:11","guid":{"rendered":"https:\/\/www.propertycare-costablanca.com\/?page_id=1471"},"modified":"2022-05-03T10:08:13","modified_gmt":"2022-05-03T08:08:13","slug":"contacto","status":"publish","type":"page","link":"https:\/\/www.propertycare-costablanca.com\/es\/contacto\/","title":{"rendered":"Contacto"},"content":{"rendered":"<div class=\"wpb-content-wrapper\"><p>[vc_row][vc_column][vc_column_text]<\/p>\n<h3>Horario de apertura:<\/h3>\n<p>De lunes a viernes<br \/>\n9:00 \u2013 14:00 y de 15:00 \u2013 19:00<\/p>\n<p><iframe loading=\"lazy\" style=\"border: 0;\" src=\"https:\/\/www.google.com\/maps\/embed?pb=!1m18!1m12!1m3!1d782.2709799910258!2d-0.4911585707458241!3d38.34703965051325!2m3!1f0!2f0!3f0!3m2!1i1024!2i768!4f13.1!3m3!1m2!1s0xd62364d80cf8095%3A0x4daf19f4ebf0808d!2sPlaza%20de%20los%20Luceros%2C%20C.%20Poeta%20Quintana%2C%2041%2C%2003004%20Alicante%20(Alacant)%2C%20Alicante!5e0!3m2!1ses!2ses!4v1646128691740!5m2!1ses!2ses\" width=\"100%\" height=\"450\" allowfullscreen=\"allowfullscreen\"><\/iframe><\/p>\n<h3>Datos de contacto<\/h3>\n<ul class=\"contacts-list\">\n<li><img decoding=\"async\" src=\"https:\/\/www.propertycare-costablanca.com\/wp-content\/uploads\/2018\/05\/ico-tel.png\" alt=\"\" \/> Tel\u00e9fono: <a href=\"tel:\/\/+34 966 276 923\">+34 966 276 923<\/a><\/li>\n<li><img decoding=\"async\" src=\"https:\/\/www.propertycare-costablanca.com\/wp-content\/uploads\/2018\/05\/ico-mail.png\" alt=\"\" \/> Correo electr\u00f3nico: <a href=\"mailto:info@propertycare-costablanca.com\">info@propertycare-costablanca.com<\/a><\/li>\n<li><img decoding=\"async\" src=\"https:\/\/www.propertycare-costablanca.com\/wp-content\/uploads\/2018\/05\/ico-street.png\" alt=\"\" \/> Direcci\u00f3n: Calle Poeta Quintana 41, 03004, Alicante (9:00-14:00-16:00-19:00 lunes-viernes)<\/li>\n<\/ul>\n<h3 class=\"form-heading\">Formulario de contacto<\/h3>\n<div class=\"wpcf7 no-js\" id=\"wpcf7-f1470-o1\" lang=\"es-ES\" dir=\"ltr\" data-wpcf7-id=\"1470\">\n<div class=\"screen-reader-response\"><p role=\"status\" aria-live=\"polite\" aria-atomic=\"true\"><\/p> <ul><\/ul><\/div>\n<form action=\"\/es\/wp-json\/wp\/v2\/pages\/1471#wpcf7-f1470-o1\" method=\"post\" class=\"wpcf7-form init wpcf7-acceptance-as-validation\" aria-label=\"Formulario de contacto\" novalidate=\"novalidate\" data-status=\"init\">\n<fieldset class=\"hidden-fields-container\"><input type=\"hidden\" name=\"_wpcf7\" value=\"1470\" \/><input type=\"hidden\" name=\"_wpcf7_version\" value=\"6.1.5\" \/><input type=\"hidden\" name=\"_wpcf7_locale\" value=\"es_ES\" \/><input type=\"hidden\" name=\"_wpcf7_unit_tag\" value=\"wpcf7-f1470-o1\" \/><input type=\"hidden\" name=\"_wpcf7_container_post\" value=\"0\" \/><input type=\"hidden\" name=\"_wpcf7_posted_data_hash\" value=\"\" \/><input type=\"hidden\" name=\"_wpcf7_recaptcha_response\" value=\"\" \/>\n<\/fieldset>\n<p><label> * Nombre<br \/>\n<span class=\"wpcf7-form-control-wrap\" data-name=\"your-name\"><input size=\"40\" maxlength=\"400\" class=\"wpcf7-form-control wpcf7-text wpcf7-validates-as-required\" aria-required=\"true\" aria-invalid=\"false\" value=\"\" type=\"text\" name=\"your-name\" \/><\/span> <\/label>\n<\/p>\n<p><label> * Correo electr\u00f3nico<br \/>\n<span class=\"wpcf7-form-control-wrap\" data-name=\"your-email\"><input size=\"40\" maxlength=\"400\" class=\"wpcf7-form-control wpcf7-email wpcf7-validates-as-required wpcf7-text wpcf7-validates-as-email\" aria-required=\"true\" aria-invalid=\"false\" value=\"\" type=\"email\" name=\"your-email\" \/><\/span> <\/label>\n<\/p>\n<p><label> * Tel\u00e9fono<br \/>\n<span class=\"wpcf7-form-control-wrap\" data-name=\"tel-933\"><input size=\"40\" maxlength=\"400\" class=\"wpcf7-form-control wpcf7-tel wpcf7-validates-as-required wpcf7-text wpcf7-validates-as-tel\" aria-required=\"true\" aria-invalid=\"false\" value=\"\" type=\"tel\" name=\"tel-933\" \/><\/span> <\/label>\n<\/p>\n<p><label> * Mensaje<br \/>\n<span class=\"wpcf7-form-control-wrap\" data-name=\"your-message\"><textarea cols=\"40\" rows=\"10\" maxlength=\"2000\" class=\"wpcf7-form-control wpcf7-textarea wpcf7-validates-as-required\" aria-required=\"true\" aria-invalid=\"false\" name=\"your-message\"><\/textarea><\/span> <\/label>\n<\/p>\n<p><span class=\"wpcf7-form-control-wrap\" data-name=\"your-consent\"><span class=\"wpcf7-form-control wpcf7-acceptance\"><span class=\"wpcf7-list-item\"><label><input type=\"checkbox\" name=\"your-consent\" value=\"1\" aria-invalid=\"false\" \/><span class=\"wpcf7-list-item-label\">&nbsp; Acepto los <a href=\"https:\/\/www.propertycare-costablanca.com\/aviso-legal-y-condiciones-de-uso\/\" target=\"_blank\">t\u00e9rminos de uso<\/a>, la <a href=\"https:\/\/www.propertycare-costablanca.com\/politica-de-privacidad-y-politica-de-cookies\/\" target=\"_blank\">pol\u00edtica de privacidad y cookies <\/a> y la <a href=\"https:\/\/www.propertycare-costablanca.com\/lopd\/\" target=\"_blank\">informaci\u00f3n b\u00e1sica LOPD<\/a> de la web.<\/span><\/label><\/span><\/span><\/span>\n<\/p>\n<span class=\"wpcf7-form-control-wrap recaptcha\" data-name=\"recaptcha\"><span data-sitekey=\"6LdBqWYUAAAAAGgY-ZxsQEbqdF4Dn4IfaaVyA4I5\" class=\"wpcf7-form-control wpcf7-recaptcha g-recaptcha\"><\/span>\r\n<noscript>\r\n\t<div class=\"grecaptcha-noscript\">\r\n\t\t<iframe loading=\"lazy\" src=\"https:\/\/www.google.com\/recaptcha\/api\/fallback?k=6LdBqWYUAAAAAGgY-ZxsQEbqdF4Dn4IfaaVyA4I5\" frameborder=\"0\" scrolling=\"no\" width=\"310\" height=\"430\">\r\n\t\t<\/iframe>\r\n\t\t<textarea name=\"g-recaptcha-response\" rows=\"3\" cols=\"40\" placeholder=\"Aqu\u00ed la respuesta de reCAPTCHA\">\r\n\t\t<\/textarea>\r\n\t<\/div>\r\n<\/noscript>\r\n<\/span>\n<p>&nbsp;<br \/>\n<input class=\"wpcf7-form-control wpcf7-submit has-spinner\" type=\"submit\" value=\"Enviar\" \/>\n<\/p><p style=\"display: none !important;\" class=\"akismet-fields-container\" data-prefix=\"_wpcf7_ak_\"><label>&#916;<textarea name=\"_wpcf7_ak_hp_textarea\" cols=\"45\" rows=\"8\" maxlength=\"100\"><\/textarea><\/label><input type=\"hidden\" id=\"ak_js_1\" name=\"_wpcf7_ak_js\" value=\"169\"\/><script type=\"text\/javascript\">\n\/* <![CDATA[ *\/\ndocument.getElementById( \"ak_js_1\" ).setAttribute( \"value\", ( new Date() ).getTime() );\n\/* ]]> *\/\n<\/script>\n<\/p><div class=\"wpcf7-response-output\" aria-hidden=\"true\"><\/div>\n<\/form>\n<\/div>\n[\/vc_column_text][\/vc_column][\/vc_row]<\/p>\n<\/div>","protected":false},"excerpt":{"rendered":"<p>[vc_row][vc_column][vc_column_text] Horario de apertura: De lunes a viernes 9:00 \u2013 14:00 y de 15:00 \u2013 19:00 Datos de contacto Tel\u00e9fono: +34 966 276 923 Correo electr\u00f3nico: info@propertycare-costablanca.com Direcci\u00f3n: Calle Poeta Quintana 41, 03004, Alicante (9:00-14:00-16:00-19:00 lunes-viernes) Formulario de contacto [\/vc_column_text][\/vc_column][\/vc_row]<\/p>\n","protected":false},"author":1,"featured_media":0,"parent":0,"menu_order":0,"comment_status":"closed","ping_status":"closed","template":"","meta":{"footnotes":""},"class_list":["post-1471","page","type-page","status-publish","hentry"],"aioseo_notices":[],"_links":{"self":[{"href":"https:\/\/www.propertycare-costablanca.com\/es\/wp-json\/wp\/v2\/pages\/1471","targetHints":{"allow":["GET"]}}],"collection":[{"href":"https:\/\/www.propertycare-costablanca.com\/es\/wp-json\/wp\/v2\/pages"}],"about":[{"href":"https:\/\/www.propertycare-costablanca.com\/es\/wp-json\/wp\/v2\/types\/page"}],"author":[{"embeddable":true,"href":"https:\/\/www.propertycare-costablanca.com\/es\/wp-json\/wp\/v2\/users\/1"}],"replies":[{"embeddable":true,"href":"https:\/\/www.propertycare-costablanca.com\/es\/wp-json\/wp\/v2\/comments?post=1471"}],"version-history":[{"count":14,"href":"https:\/\/www.propertycare-costablanca.com\/es\/wp-json\/wp\/v2\/pages\/1471\/revisions"}],"predecessor-version":[{"id":2346,"href":"https:\/\/www.propertycare-costablanca.com\/es\/wp-json\/wp\/v2\/pages\/1471\/revisions\/2346"}],"wp:attachment":[{"href":"https:\/\/www.propertycare-costablanca.com\/es\/wp-json\/wp\/v2\/media?parent=1471"}],"curies":[{"name":"wp","href":"https:\/\/api.w.org\/{rel}","templated":true}]}}