{"id":1148,"date":"2018-05-07T08:14:07","date_gmt":"2018-05-07T08:14:07","guid":{"rendered":"http:\/\/www.propertycare-costablanca.com\/?page_id=1148"},"modified":"2022-05-03T10:34:49","modified_gmt":"2022-05-03T08:34:49","slug":"sobre-nosotros","status":"publish","type":"page","link":"https:\/\/www.propertycare-costablanca.com\/es\/sobre-nosotros\/","title":{"rendered":"Sobre nosotros"},"content":{"rendered":"<p><strong style=\"color: #EC7C1D;\">Property Care Costa Blanca<\/strong> forma parte de <strong style=\"color: #1070ae;\">RO Spain Real Estate<\/strong>, que esta especializado en la construcci\u00f3n, promoci\u00f3n y venta de bienes inmuebles en Espa\u00f1a durante m\u00e1s de 15 a\u00f1os.<\/p>\n<p><strong style=\"color: #1070ae;\">RO Spain Real Estate<\/strong> es conocido en varias ferias inmobiliarias en los Pa\u00edses Bajos, B\u00e9lgica, Reino Unido y tambi\u00e9n en la televisi\u00f3n holandesa (RTL4).<\/p>\n<p>La mayor\u00eda de los inversores y posibles propietarios de una propiedad en la Costa Blanca regularmente nos preguntan qui\u00e9n puede supervisar la propiedad despu\u00e9s de que se haya entregado el apartamento o la casa, qui\u00e9n puede encargarse de la gestion de las llaves y los impuestos anuales.<\/p>\n<p>Debido a nuestra ubicaci\u00f3n central en el centro de la ciudad de Alicante, podemos ofrecer un servicio completo de alta calidad. Todos los servicios administrativos y operativos son realizado por nosotros mismos.<\/p>\n<p>Ofrecemos paquetes de servicios, para que una segunda residencia en la costa Mediteranea no implique preocupaciones adicionales, sino solo placer.<\/p>\n<p>Contamos con los siguientes departamentos para garantizar a nuestros clientes el mejor servicio:<\/p>\n<ol>\n<li>Ventas.<\/li>\n<li>Servicio postventa.<\/li>\n<li>Asuntos fiscales y declaraciones anuales.<\/li>\n<li>Licencias y permisos de alquiler.<\/li>\n<li>Departamento de mantenimiento \/ Property Care.<\/li>\n<\/ol>\n<p><img loading=\"lazy\" class=\"size-large wp-image-1153 aligncenter\" src=\"https:\/\/www.propertycare-costablanca.com\/wp-content\/uploads\/2018\/05\/easyrent-costa-blanca-alicante-alquiler-de-casas-vacacionales-1024x365.jpg\" alt=\"Easyrent Costa Blanca Alicante Alquiler de casas vacacionales\" width=\"828\" height=\"295\" srcset=\"https:\/\/www.propertycare-costablanca.com\/wp-content\/uploads\/2018\/05\/easyrent-costa-blanca-alicante-alquiler-de-casas-vacacionales-1024x365.jpg 1024w, https:\/\/www.propertycare-costablanca.com\/wp-content\/uploads\/2018\/05\/easyrent-costa-blanca-alicante-alquiler-de-casas-vacacionales-300x107.jpg 300w, https:\/\/www.propertycare-costablanca.com\/wp-content\/uploads\/2018\/05\/easyrent-costa-blanca-alicante-alquiler-de-casas-vacacionales-768x274.jpg 768w, https:\/\/www.propertycare-costablanca.com\/wp-content\/uploads\/2018\/05\/easyrent-costa-blanca-alicante-alquiler-de-casas-vacacionales-150x53.jpg 150w, https:\/\/www.propertycare-costablanca.com\/wp-content\/uploads\/2018\/05\/easyrent-costa-blanca-alicante-alquiler-de-casas-vacacionales.jpg 2000w\" sizes=\"(max-width: 828px) 100vw, 828px\" \/><\/p>\n","protected":false},"excerpt":{"rendered":"<p>Property Care Costa Blanca forma parte de RO Spain Real Estate, que esta especializado en la construcci\u00f3n, promoci\u00f3n y venta de bienes inmuebles en Espa\u00f1a durante m\u00e1s de 15 a\u00f1os. RO Spain Real Estate es conocido en varias ferias inmobiliarias en los Pa\u00edses Bajos, B\u00e9lgica, Reino Unido y tambi\u00e9n en la televisi\u00f3n holandesa (RTL4). La&#8230;<\/p>\n","protected":false},"author":1,"featured_media":0,"parent":0,"menu_order":0,"comment_status":"closed","ping_status":"closed","template":"","meta":[],"_links":{"self":[{"href":"https:\/\/www.propertycare-costablanca.com\/es\/wp-json\/wp\/v2\/pages\/1148"}],"collection":[{"href":"https:\/\/www.propertycare-costablanca.com\/es\/wp-json\/wp\/v2\/pages"}],"about":[{"href":"https:\/\/www.propertycare-costablanca.com\/es\/wp-json\/wp\/v2\/types\/page"}],"author":[{"embeddable":true,"href":"https:\/\/www.propertycare-costablanca.com\/es\/wp-json\/wp\/v2\/users\/1"}],"replies":[{"embeddable":true,"href":"https:\/\/www.propertycare-costablanca.com\/es\/wp-json\/wp\/v2\/comments?post=1148"}],"version-history":[{"count":12,"href":"https:\/\/www.propertycare-costablanca.com\/es\/wp-json\/wp\/v2\/pages\/1148\/revisions"}],"predecessor-version":[{"id":2374,"href":"https:\/\/www.propertycare-costablanca.com\/es\/wp-json\/wp\/v2\/pages\/1148\/revisions\/2374"}],"wp:attachment":[{"href":"https:\/\/www.propertycare-costablanca.com\/es\/wp-json\/wp\/v2\/media?parent=1148"}],"curies":[{"name":"wp","href":"https:\/\/api.w.org\/{rel}","templated":true}]}}